{"id":401,"date":"2019-10-23T09:42:38","date_gmt":"2019-10-23T16:42:38","guid":{"rendered":"https:\/\/siscrumatscale.wpengine.com\/?page_id=401"},"modified":"2020-11-25T07:02:04","modified_gmt":"2020-11-25T15:02:04","slug":"contact-us","status":"publish","type":"page","link":"https:\/\/www.scrumatscale.com\/es\/contact-us\/","title":{"rendered":"Contacta con el equipo del programa de formaci\u00f3n Scrum Inc."},"content":{"rendered":"\n[et_pb_section fb_built=&#8221;1&#8243; _builder_version=&#8221;3.27.3&#8243; fb_built=&#8221;1&#8243; _i=&#8221;0&#8243; _address=&#8221;0&#8243;][et_pb_row _builder_version=&#8221;3.27.3&#8243; _i=&#8221;0&#8243; _address=&#8221;0.0&#8243;][et_pb_column type=&#8221;4_4&#8243; _builder_version=&#8221;3.27.3&#8243; _i=&#8221;0&#8243; _address=&#8221;0.0.0&#8243;][et_pb_text _builder_version=&#8221;3.27.3&#8243; link_option_url=&#8221;emailto:licensedscrum@scruminc.com&#8221; _i=&#8221;0&#8243; _address=&#8221;0.0.0.0&#8243;]\n<h1>Contact Us<\/h1>\n[\/et_pb_text][\/et_pb_column][\/et_pb_row][et_pb_row _builder_version=&#8221;3.27.3&#8243; hover_enabled=&#8221;0&#8243; _i=&#8221;1&#8243; _address=&#8221;0.1&#8243;][et_pb_column type=&#8221;4_4&#8243; _builder_version=&#8221;3.27.3&#8243; _i=&#8221;0&#8243; _address=&#8221;0.1.0&#8243;][et_pb_contact_form _builder_version=&#8221;3.27.3&#8243; hover_enabled=&#8221;0&#8243; _i=&#8221;0&#8243; _address=&#8221;0.1.0.0&#8243; custom_button=&#8221;on&#8221; button_text_color=&#8221;#cc0000&#8243;][et_pb_contact_field field_id=&#8221;Name&#8221; field_title=&#8221;Name&#8221; _builder_version=&#8221;3.16&#8243; border_radii=&#8221;on||||&#8221; _i=&#8221;0&#8243; _address=&#8221;0.1.0.0.0&#8243; button_text_size__hover_enabled=&#8221;off&#8221; button_one_text_size__hover_enabled=&#8221;off&#8221; button_two_text_size__hover_enabled=&#8221;off&#8221; button_text_color__hover_enabled=&#8221;off&#8221; button_one_text_color__hover_enabled=&#8221;off&#8221; button_two_text_color__hover_enabled=&#8221;off&#8221; button_border_width__hover_enabled=&#8221;off&#8221; button_one_border_width__hover_enabled=&#8221;off&#8221; button_two_border_width__hover_enabled=&#8221;off&#8221; button_border_color__hover_enabled=&#8221;off&#8221; button_one_border_color__hover_enabled=&#8221;off&#8221; button_two_border_color__hover_enabled=&#8221;off&#8221; button_border_radius__hover_enabled=&#8221;off&#8221; button_one_border_radius__hover_enabled=&#8221;off&#8221; button_two_border_radius__hover_enabled=&#8221;off&#8221; button_letter_spacing__hover_enabled=&#8221;off&#8221; button_one_letter_spacing__hover_enabled=&#8221;off&#8221; button_two_letter_spacing__hover_enabled=&#8221;off&#8221; button_bg_color__hover_enabled=&#8221;off&#8221; button_one_bg_color__hover_enabled=&#8221;off&#8221; button_two_bg_color__hover_enabled=&#8221;off&#8221;][\/et_pb_contact_field][et_pb_contact_field field_id=&#8221;Email&#8221; field_title=&#8221;Email Address&#8221; field_type=&#8221;email&#8221; _builder_version=&#8221;3.16&#8243; border_radii=&#8221;on||||&#8221; _i=&#8221;1&#8243; _address=&#8221;0.1.0.0.1&#8243; button_text_size__hover_enabled=&#8221;off&#8221; button_one_text_size__hover_enabled=&#8221;off&#8221; button_two_text_size__hover_enabled=&#8221;off&#8221; button_text_color__hover_enabled=&#8221;off&#8221; button_one_text_color__hover_enabled=&#8221;off&#8221; button_two_text_color__hover_enabled=&#8221;off&#8221; button_border_width__hover_enabled=&#8221;off&#8221; button_one_border_width__hover_enabled=&#8221;off&#8221; button_two_border_width__hover_enabled=&#8221;off&#8221; button_border_color__hover_enabled=&#8221;off&#8221; button_one_border_color__hover_enabled=&#8221;off&#8221; button_two_border_color__hover_enabled=&#8221;off&#8221; button_border_radius__hover_enabled=&#8221;off&#8221; button_one_border_radius__hover_enabled=&#8221;off&#8221; button_two_border_radius__hover_enabled=&#8221;off&#8221; button_letter_spacing__hover_enabled=&#8221;off&#8221; button_one_letter_spacing__hover_enabled=&#8221;off&#8221; button_two_letter_spacing__hover_enabled=&#8221;off&#8221; button_bg_color__hover_enabled=&#8221;off&#8221; button_one_bg_color__hover_enabled=&#8221;off&#8221; button_two_bg_color__hover_enabled=&#8221;off&#8221;][\/et_pb_contact_field][et_pb_contact_field field_id=&#8221;Message&#8221; field_title=&#8221;Message&#8221; field_type=&#8221;text&#8221; fullwidth_field=&#8221;on&#8221; _builder_version=&#8221;3.16&#8243; border_radii=&#8221;on||||&#8221; _i=&#8221;2&#8243; _address=&#8221;0.1.0.0.2&#8243; button_text_size__hover_enabled=&#8221;off&#8221; button_one_text_size__hover_enabled=&#8221;off&#8221; button_two_text_size__hover_enabled=&#8221;off&#8221; button_text_color__hover_enabled=&#8221;off&#8221; button_one_text_color__hover_enabled=&#8221;off&#8221; button_two_text_color__hover_enabled=&#8221;off&#8221; button_border_width__hover_enabled=&#8221;off&#8221; button_one_border_width__hover_enabled=&#8221;off&#8221; button_two_border_width__hover_enabled=&#8221;off&#8221; button_border_color__hover_enabled=&#8221;off&#8221; button_one_border_color__hover_enabled=&#8221;off&#8221; button_two_border_color__hover_enabled=&#8221;off&#8221; button_border_radius__hover_enabled=&#8221;off&#8221; button_one_border_radius__hover_enabled=&#8221;off&#8221; button_two_border_radius__hover_enabled=&#8221;off&#8221; button_letter_spacing__hover_enabled=&#8221;off&#8221; button_one_letter_spacing__hover_enabled=&#8221;off&#8221; button_two_letter_spacing__hover_enabled=&#8221;off&#8221; button_bg_color__hover_enabled=&#8221;off&#8221; button_one_bg_color__hover_enabled=&#8221;off&#8221; button_two_bg_color__hover_enabled=&#8221;off&#8221;][\/et_pb_contact_field][\/et_pb_contact_form][\/et_pb_column][\/et_pb_row][\/et_pb_section]\n","protected":false},"excerpt":{"rendered":"","protected":false},"author":12,"featured_media":0,"parent":0,"menu_order":0,"comment_status":"closed","ping_status":"closed","template":"","meta":{"_et_pb_use_builder":"on","_et_pb_old_content":"","footnotes":""},"class_list":["post-401","page","type-page","status-publish","hentry"],"yoast_head":"<!-- This site is optimized with the Yoast SEO plugin v27.4 - https:\/\/yoast.com\/product\/yoast-seo-wordpress\/ -->\n<title>Contact Us - Agile Education Program powered by Scrum Inc.<\/title>\n<meta name=\"description\" content=\"Have questions? We&#039;re here to support you and your adoption of Scrum@Scale. Contact the Agile Education Program today to find a course and more.\" \/>\n<meta name=\"robots\" content=\"index, follow, max-snippet:-1, max-image-preview:large, max-video-preview:-1\" \/>\n<link rel=\"canonical\" href=\"https:\/\/www.scrumatscale.com\/es\/contact-us\/\" \/>\n<meta property=\"og:locale\" content=\"es_ES\" \/>\n<meta property=\"og:type\" content=\"article\" \/>\n<meta property=\"og:title\" content=\"Contact Us - Agile Education Program powered by Scrum Inc.\" \/>\n<meta property=\"og:description\" content=\"Have questions? We&#039;re here to support you and your adoption of Scrum@Scale. Contact the Agile Education Program today to find a course and more.\" \/>\n<meta property=\"og:url\" content=\"https:\/\/www.scrumatscale.com\/es\/contact-us\/\" \/>\n<meta property=\"og:site_name\" content=\"Scrum@Scale Framework\" \/>\n<meta property=\"article:modified_time\" content=\"2020-11-25T15:02:04+00:00\" \/>\n<meta name=\"twitter:card\" content=\"summary_large_image\" \/>\n<meta name=\"twitter:title\" content=\"Contact Us - Agile Education Program powered by Scrum Inc.\" \/>\n<meta name=\"twitter:description\" content=\"Have questions? We&#039;re here to support you and your adoption of Scrum@Scale. Contact the Agile Education Program today to find a course and more.\" \/>\n<meta name=\"twitter:label1\" content=\"Tiempo de lectura\" \/>\n\t<meta name=\"twitter:data1\" content=\"3 minutos\" \/>\n<script type=\"application\/ld+json\" class=\"yoast-schema-graph\">{\"@context\":\"https:\\\/\\\/schema.org\",\"@graph\":[{\"@type\":\"WebPage\",\"@id\":\"https:\\\/\\\/www.scrumatscale.com\\\/contact-us\\\/\",\"url\":\"https:\\\/\\\/www.scrumatscale.com\\\/contact-us\\\/\",\"name\":\"Contact Us - Agile Education Program powered by Scrum Inc.\",\"isPartOf\":{\"@id\":\"https:\\\/\\\/www.scrumatscale.com\\\/#website\"},\"datePublished\":\"2019-10-23T16:42:38+00:00\",\"dateModified\":\"2020-11-25T15:02:04+00:00\",\"description\":\"Have questions? We're here to support you and your adoption of Scrum@Scale. Contact the Agile Education Program today to find a course and more.\",\"breadcrumb\":{\"@id\":\"https:\\\/\\\/www.scrumatscale.com\\\/contact-us\\\/#breadcrumb\"},\"inLanguage\":\"es-CO\",\"potentialAction\":[{\"@type\":\"ReadAction\",\"target\":[\"https:\\\/\\\/www.scrumatscale.com\\\/contact-us\\\/\"]}]},{\"@type\":\"BreadcrumbList\",\"@id\":\"https:\\\/\\\/www.scrumatscale.com\\\/contact-us\\\/#breadcrumb\",\"itemListElement\":[{\"@type\":\"ListItem\",\"position\":1,\"name\":\"Home\",\"item\":\"https:\\\/\\\/www.scrumatscale.com\\\/\"},{\"@type\":\"ListItem\",\"position\":2,\"name\":\"Contact the Scrum Inc. Training Program Team\"}]},{\"@type\":\"WebSite\",\"@id\":\"https:\\\/\\\/www.scrumatscale.com\\\/#website\",\"url\":\"https:\\\/\\\/www.scrumatscale.com\\\/\",\"name\":\"Scrum@Scale Framework\",\"description\":\"Scaling Scrum\",\"potentialAction\":[{\"@type\":\"SearchAction\",\"target\":{\"@type\":\"EntryPoint\",\"urlTemplate\":\"https:\\\/\\\/www.scrumatscale.com\\\/?s={search_term_string}\"},\"query-input\":{\"@type\":\"PropertyValueSpecification\",\"valueRequired\":true,\"valueName\":\"search_term_string\"}}],\"inLanguage\":\"es-CO\"}]}<\/script>\n<!-- \/ Yoast SEO plugin. -->","yoast_head_json":{"title":"Contacta con nosotros - Agile Education Program powered by Scrum Inc.","description":"\u00bfTienes preguntas? Estamos aqu\u00ed para apoyarte a ti y a tu adopci\u00f3n del Scrum@Scale. Ponte en contacto con el Agile Education Program hoy mismo para encontrar un curso y mucho m\u00e1s.","robots":{"index":"index","follow":"follow","max-snippet":"max-snippet:-1","max-image-preview":"max-image-preview:large","max-video-preview":"max-video-preview:-1"},"canonical":"https:\/\/www.scrumatscale.com\/es\/contact-us\/","og_locale":"es_ES","og_type":"article","og_title":"Contact Us - Agile Education Program powered by Scrum Inc.","og_description":"Have questions? We're here to support you and your adoption of Scrum@Scale. Contact the Agile Education Program today to find a course and more.","og_url":"https:\/\/www.scrumatscale.com\/es\/contact-us\/","og_site_name":"Scrum@Scale Framework","article_modified_time":"2020-11-25T15:02:04+00:00","twitter_card":"summary_large_image","twitter_title":"Contact Us - Agile Education Program powered by Scrum Inc.","twitter_description":"Have questions? We're here to support you and your adoption of Scrum@Scale. Contact the Agile Education Program today to find a course and more.","twitter_misc":{"Tiempo de lectura":"3 minutos"},"schema":{"@context":"https:\/\/schema.org","@graph":[{"@type":"WebPage","@id":"https:\/\/www.scrumatscale.com\/contact-us\/","url":"https:\/\/www.scrumatscale.com\/contact-us\/","name":"Contacta con nosotros - Agile Education Program powered by Scrum Inc.","isPartOf":{"@id":"https:\/\/www.scrumatscale.com\/#website"},"datePublished":"2019-10-23T16:42:38+00:00","dateModified":"2020-11-25T15:02:04+00:00","description":"\u00bfTienes preguntas? Estamos aqu\u00ed para apoyarte a ti y a tu adopci\u00f3n del Scrum@Scale. Ponte en contacto con el Agile Education Program hoy mismo para encontrar un curso y mucho m\u00e1s.","breadcrumb":{"@id":"https:\/\/www.scrumatscale.com\/contact-us\/#breadcrumb"},"inLanguage":"es-CO","potentialAction":[{"@type":"ReadAction","target":["https:\/\/www.scrumatscale.com\/contact-us\/"]}]},{"@type":"BreadcrumbList","@id":"https:\/\/www.scrumatscale.com\/contact-us\/#breadcrumb","itemListElement":[{"@type":"ListItem","position":1,"name":"Home","item":"https:\/\/www.scrumatscale.com\/"},{"@type":"ListItem","position":2,"name":"Contact the Scrum Inc. Training Program Team"}]},{"@type":"WebSite","@id":"https:\/\/www.scrumatscale.com\/#website","url":"https:\/\/www.scrumatscale.com\/","name":"Marco Scrum@Scale","description":"Escalando Scrum","potentialAction":[{"@type":"SearchAction","target":{"@type":"EntryPoint","urlTemplate":"https:\/\/www.scrumatscale.com\/?s={search_term_string}"},"query-input":{"@type":"PropertyValueSpecification","valueRequired":true,"valueName":"search_term_string"}}],"inLanguage":"es-CO"}]}},"_links":{"self":[{"href":"https:\/\/www.scrumatscale.com\/es\/wp-json\/wp\/v2\/pages\/401","targetHints":{"allow":["GET"]}}],"collection":[{"href":"https:\/\/www.scrumatscale.com\/es\/wp-json\/wp\/v2\/pages"}],"about":[{"href":"https:\/\/www.scrumatscale.com\/es\/wp-json\/wp\/v2\/types\/page"}],"author":[{"embeddable":true,"href":"https:\/\/www.scrumatscale.com\/es\/wp-json\/wp\/v2\/users\/12"}],"replies":[{"embeddable":true,"href":"https:\/\/www.scrumatscale.com\/es\/wp-json\/wp\/v2\/comments?post=401"}],"version-history":[{"count":0,"href":"https:\/\/www.scrumatscale.com\/es\/wp-json\/wp\/v2\/pages\/401\/revisions"}],"wp:attachment":[{"href":"https:\/\/www.scrumatscale.com\/es\/wp-json\/wp\/v2\/media?parent=401"}],"curies":[{"name":"wp","href":"https:\/\/api.w.org\/{rel}","templated":true}]}}